{"id":101,"date":"2017-09-13T15:06:03","date_gmt":"2017-09-13T13:06:03","guid":{"rendered":"http:\/\/www.ostmantrading.fi\/?page_id=101"},"modified":"2019-08-07T20:18:00","modified_gmt":"2019-08-07T18:18:00","slug":"fordon","status":"publish","type":"page","link":"https:\/\/www.ostmantrading.fi\/?page_id=101","title":{"rendered":"KALUSTO"},"content":{"rendered":"<p>Kaikki autot on varustettu monil\u00e4mp\u00f6tila kylm\u00e4koneilla. Kaluston kuuluu t\u00e4ll\u00e4 hetkell\u00e4 viisi kuorma-autoa ja kolme t\u00e4ysper\u00e4vaunua.<\/p>\n\t\t\t<style>\r\n                #foogallery-gallery-319.fg-simple_portfolio {\r\n                    justify-content: center;\r\n                }\r\n                #foogallery-gallery-319.fg-simple_portfolio .fg-item {\r\n                    flex-basis: 290px;\r\n                    margin: 20px;\r\n                }\r\n\t\t\t<\/style>\r\n\t\t\t<div class=\"foogallery foogallery-container foogallery-simple_portfolio foogallery-lightbox-foobox fg-simple_portfolio fg-light fg-loading-default fg-loaded-fade-in fg-caption-always fg-hover-fade fg-hover-zoom fg-ready fg-caption-always\" id=\"foogallery-gallery-319\" data-foogallery=\"{&quot;item&quot;:{&quot;showCaptionTitle&quot;:true,&quot;showCaptionDescription&quot;:true},&quot;lazy&quot;:true}\" >\r\n\t<div class=\"fg-item fg-type-image fg-idle\"><figure class=\"fg-item-inner\"><a href=\"https:\/\/www.ostmantrading.fi\/wp-content\/uploads\/2021\/05\/mersu.jpg\" data-caption-title=\"MERCEDES ACTROS 2540\" data-attachment-id=\"501\" class=\"foogallery-thumb  fg-thumb\" data-type=\"image\"><span class=\"fg-image-wrap\"><img fetchpriority=\"high\" decoding=\"async\" title=\"MERCEDES ACTROS 2540\" class=\"bf-img skip-lazy fg-image\" height=\"190\" width=\"290\" data-src-fg=\"https:\/\/www.ostmantrading.fi\/wp-content\/uploads\/cache\/2021\/05\/mersu\/2565683006.jpg\" src=\"data:image\/svg+xml,%3Csvg%20xmlns%3D%22http%3A%2F%2Fwww.w3.org%2F2000%2Fsvg%22%20width%3D%22290%22%20height%3D%22190%22%20viewBox%3D%220%200%20290%20190%22%3E%3C%2Fsvg%3E\" loading=\"eager\"><\/span><span class=\"fg-image-overlay\"><\/span><\/a><figcaption class=\"fg-caption\"><div class=\"fg-caption-inner\"><div class=\"fg-caption-title\">MERCEDES ACTROS 2540<\/div><\/div><\/figcaption><\/figure><div class=\"fg-loader\"><\/div><\/div><div class=\"fg-item fg-type-image fg-idle\"><figure class=\"fg-item-inner\"><a href=\"https:\/\/www.ostmantrading.fi\/wp-content\/uploads\/2024\/11\/mercedes-scaled.jpg\" data-caption-title=\"Mercedes Actros 2551\" data-attachment-id=\"507\" class=\"foogallery-thumb  fg-thumb\" data-type=\"image\"><span class=\"fg-image-wrap\"><img decoding=\"async\" title=\"Mercedes Actros 2551\" class=\"bf-img skip-lazy fg-image\" height=\"190\" width=\"290\" data-src-fg=\"https:\/\/www.ostmantrading.fi\/wp-content\/uploads\/cache\/2024\/11\/mercedes-scaled\/3701253152.jpg\" src=\"data:image\/svg+xml,%3Csvg%20xmlns%3D%22http%3A%2F%2Fwww.w3.org%2F2000%2Fsvg%22%20width%3D%22290%22%20height%3D%22190%22%20viewBox%3D%220%200%20290%20190%22%3E%3C%2Fsvg%3E\" loading=\"eager\"><\/span><span class=\"fg-image-overlay\"><\/span><\/a><figcaption class=\"fg-caption\"><div class=\"fg-caption-inner\"><div class=\"fg-caption-title\">Mercedes Actros 2551<\/div><\/div><\/figcaption><\/figure><div class=\"fg-loader\"><\/div><\/div><div class=\"fg-item fg-type-image fg-idle\"><figure class=\"fg-item-inner\"><a href=\"https:\/\/www.ostmantrading.fi\/wp-content\/uploads\/2017\/09\/scaniaR500.jpg\" data-caption-title=\"SCANIA R500\" data-attachment-id=\"426\" class=\"foogallery-thumb  fg-thumb\" data-type=\"image\"><span class=\"fg-image-wrap\"><img decoding=\"async\" title=\"SCANIA R500\" class=\"bf-img skip-lazy fg-image\" height=\"190\" width=\"290\" data-src-fg=\"https:\/\/www.ostmantrading.fi\/wp-content\/uploads\/cache\/2017\/09\/scaniaR500\/3403705210.jpg\" src=\"data:image\/svg+xml,%3Csvg%20xmlns%3D%22http%3A%2F%2Fwww.w3.org%2F2000%2Fsvg%22%20width%3D%22290%22%20height%3D%22190%22%20viewBox%3D%220%200%20290%20190%22%3E%3C%2Fsvg%3E\" loading=\"eager\"><\/span><span class=\"fg-image-overlay\"><\/span><\/a><figcaption class=\"fg-caption\"><div class=\"fg-caption-inner\"><div class=\"fg-caption-title\">SCANIA R500<\/div><\/div><\/figcaption><\/figure><div class=\"fg-loader\"><\/div><\/div><div class=\"fg-item fg-type-image fg-idle\"><figure class=\"fg-item-inner\"><a href=\"https:\/\/www.ostmantrading.fi\/wp-content\/uploads\/2017\/09\/BIL_CIG967.jpg\" data-caption-title=\"SCANIA G420\" data-attachment-id=\"311\" class=\"foogallery-thumb  fg-thumb\" data-type=\"image\"><span class=\"fg-image-wrap\"><img decoding=\"async\" title=\"SCANIA G420\" class=\"bf-img skip-lazy fg-image\" height=\"190\" width=\"290\" data-src-fg=\"https:\/\/www.ostmantrading.fi\/wp-content\/uploads\/cache\/2017\/09\/BIL_CIG967\/632277145.jpg\" src=\"data:image\/svg+xml,%3Csvg%20xmlns%3D%22http%3A%2F%2Fwww.w3.org%2F2000%2Fsvg%22%20width%3D%22290%22%20height%3D%22190%22%20viewBox%3D%220%200%20290%20190%22%3E%3C%2Fsvg%3E\" loading=\"eager\"><\/span><span class=\"fg-image-overlay\"><\/span><\/a><figcaption class=\"fg-caption\"><div class=\"fg-caption-inner\"><div class=\"fg-caption-title\">SCANIA G420<\/div><\/div><\/figcaption><\/figure><div class=\"fg-loader\"><\/div><\/div><div class=\"fg-item fg-type-image fg-idle\"><figure class=\"fg-item-inner\"><a href=\"https:\/\/www.ostmantrading.fi\/wp-content\/uploads\/2017\/09\/BIL_KPV708.jpg\" data-caption-title=\"SCANIA P280\" data-attachment-id=\"314\" class=\"foogallery-thumb  fg-thumb\" data-type=\"image\"><span class=\"fg-image-wrap\"><img decoding=\"async\" title=\"SCANIA P280\" class=\"bf-img skip-lazy fg-image\" height=\"190\" width=\"290\" data-src-fg=\"https:\/\/www.ostmantrading.fi\/wp-content\/uploads\/cache\/2017\/09\/BIL_KPV708\/2290484875.jpg\" src=\"data:image\/svg+xml,%3Csvg%20xmlns%3D%22http%3A%2F%2Fwww.w3.org%2F2000%2Fsvg%22%20width%3D%22290%22%20height%3D%22190%22%20viewBox%3D%220%200%20290%20190%22%3E%3C%2Fsvg%3E\" loading=\"eager\"><\/span><span class=\"fg-image-overlay\"><\/span><\/a><figcaption class=\"fg-caption\"><div class=\"fg-caption-inner\"><div class=\"fg-caption-title\">SCANIA P280<\/div><\/div><\/figcaption><\/figure><div class=\"fg-loader\"><\/div><\/div><\/div>\n","protected":false},"excerpt":{"rendered":"<p>Kaikki autot on varustettu monil\u00e4mp\u00f6tila kylm\u00e4koneilla. Kaluston kuuluu t\u00e4ll\u00e4 hetkell\u00e4 viisi kuorma-autoa ja kolme t\u00e4ysper\u00e4vaunua.<\/p>\n[foogallery id=\"319\"]\n<p>&#8230;<\/p>\n","protected":false},"author":1,"featured_media":0,"parent":0,"menu_order":5,"comment_status":"closed","ping_status":"closed","template":"","meta":{"footnotes":""},"class_list":["post-101","page","type-page","status-publish","hentry"],"yoast_head":"<!-- This site is optimized with the Yoast SEO plugin v23.8 - https:\/\/yoast.com\/wordpress\/plugins\/seo\/ -->\n<title>KALUSTO &#8226; \u00d6stman Trading<\/title>\n<meta name=\"robots\" content=\"index, follow, max-snippet:-1, max-image-preview:large, max-video-preview:-1\" \/>\n<link rel=\"canonical\" href=\"https:\/\/www.ostmantrading.fi\/?page_id=101\" \/>\n<meta property=\"og:locale\" content=\"sv_SE\" \/>\n<meta property=\"og:type\" content=\"article\" \/>\n<meta property=\"og:title\" content=\"KALUSTO &#8226; \u00d6stman Trading\" \/>\n<meta property=\"og:description\" content=\"Kaikki autot on varustettu monil\u00e4mp\u00f6tila kylm\u00e4koneilla. Kaluston kuuluu t\u00e4ll\u00e4 hetkell\u00e4 viisi kuorma-autoa ja kolme t\u00e4ysper\u00e4vaunua....\" \/>\n<meta property=\"og:url\" content=\"https:\/\/www.ostmantrading.fi\/?page_id=101\" \/>\n<meta property=\"og:site_name\" content=\"\u00d6stman Trading\" \/>\n<meta property=\"article:modified_time\" content=\"2019-08-07T18:18:00+00:00\" \/>\n<meta name=\"twitter:card\" content=\"summary_large_image\" \/>\n<script type=\"application\/ld+json\" class=\"yoast-schema-graph\">{\"@context\":\"https:\/\/schema.org\",\"@graph\":[{\"@type\":\"WebPage\",\"@id\":\"https:\/\/www.ostmantrading.fi\/?page_id=101\",\"url\":\"https:\/\/www.ostmantrading.fi\/?page_id=101\",\"name\":\"KALUSTO &#8226; \u00d6stman Trading\",\"isPartOf\":{\"@id\":\"https:\/\/www.ostmantrading.fi\/#website\"},\"datePublished\":\"2017-09-13T13:06:03+00:00\",\"dateModified\":\"2019-08-07T18:18:00+00:00\",\"breadcrumb\":{\"@id\":\"https:\/\/www.ostmantrading.fi\/?page_id=101#breadcrumb\"},\"inLanguage\":\"sv-SE\",\"potentialAction\":[{\"@type\":\"ReadAction\",\"target\":[\"https:\/\/www.ostmantrading.fi\/?page_id=101\"]}]},{\"@type\":\"BreadcrumbList\",\"@id\":\"https:\/\/www.ostmantrading.fi\/?page_id=101#breadcrumb\",\"itemListElement\":[{\"@type\":\"ListItem\",\"position\":1,\"name\":\"Hem\",\"item\":\"https:\/\/www.ostmantrading.fi\/\"},{\"@type\":\"ListItem\",\"position\":2,\"name\":\"KALUSTO\"}]},{\"@type\":\"WebSite\",\"@id\":\"https:\/\/www.ostmantrading.fi\/#website\",\"url\":\"https:\/\/www.ostmantrading.fi\/\",\"name\":\"\u00d6stman Trading\",\"description\":\"Pakastelogistiikka - Fryslogistik\",\"potentialAction\":[{\"@type\":\"SearchAction\",\"target\":{\"@type\":\"EntryPoint\",\"urlTemplate\":\"https:\/\/www.ostmantrading.fi\/?s={search_term_string}\"},\"query-input\":{\"@type\":\"PropertyValueSpecification\",\"valueRequired\":true,\"valueName\":\"search_term_string\"}}],\"inLanguage\":\"sv-SE\"}]}<\/script>\n<!-- \/ Yoast SEO plugin. -->","yoast_head_json":{"title":"KALUSTO &#8226; \u00d6stman Trading","robots":{"index":"index","follow":"follow","max-snippet":"max-snippet:-1","max-image-preview":"max-image-preview:large","max-video-preview":"max-video-preview:-1"},"canonical":"https:\/\/www.ostmantrading.fi\/?page_id=101","og_locale":"sv_SE","og_type":"article","og_title":"KALUSTO &#8226; \u00d6stman Trading","og_description":"Kaikki autot on varustettu monil\u00e4mp\u00f6tila kylm\u00e4koneilla. Kaluston kuuluu t\u00e4ll\u00e4 hetkell\u00e4 viisi kuorma-autoa ja kolme t\u00e4ysper\u00e4vaunua....","og_url":"https:\/\/www.ostmantrading.fi\/?page_id=101","og_site_name":"\u00d6stman Trading","article_modified_time":"2019-08-07T18:18:00+00:00","twitter_card":"summary_large_image","schema":{"@context":"https:\/\/schema.org","@graph":[{"@type":"WebPage","@id":"https:\/\/www.ostmantrading.fi\/?page_id=101","url":"https:\/\/www.ostmantrading.fi\/?page_id=101","name":"KALUSTO &#8226; \u00d6stman Trading","isPartOf":{"@id":"https:\/\/www.ostmantrading.fi\/#website"},"datePublished":"2017-09-13T13:06:03+00:00","dateModified":"2019-08-07T18:18:00+00:00","breadcrumb":{"@id":"https:\/\/www.ostmantrading.fi\/?page_id=101#breadcrumb"},"inLanguage":"sv-SE","potentialAction":[{"@type":"ReadAction","target":["https:\/\/www.ostmantrading.fi\/?page_id=101"]}]},{"@type":"BreadcrumbList","@id":"https:\/\/www.ostmantrading.fi\/?page_id=101#breadcrumb","itemListElement":[{"@type":"ListItem","position":1,"name":"Hem","item":"https:\/\/www.ostmantrading.fi\/"},{"@type":"ListItem","position":2,"name":"KALUSTO"}]},{"@type":"WebSite","@id":"https:\/\/www.ostmantrading.fi\/#website","url":"https:\/\/www.ostmantrading.fi\/","name":"\u00d6stman Trading","description":"Pakastelogistiikka - Fryslogistik","potentialAction":[{"@type":"SearchAction","target":{"@type":"EntryPoint","urlTemplate":"https:\/\/www.ostmantrading.fi\/?s={search_term_string}"},"query-input":{"@type":"PropertyValueSpecification","valueRequired":true,"valueName":"search_term_string"}}],"inLanguage":"sv-SE"}]}},"_links":{"self":[{"href":"https:\/\/www.ostmantrading.fi\/index.php?rest_route=\/wp\/v2\/pages\/101"}],"collection":[{"href":"https:\/\/www.ostmantrading.fi\/index.php?rest_route=\/wp\/v2\/pages"}],"about":[{"href":"https:\/\/www.ostmantrading.fi\/index.php?rest_route=\/wp\/v2\/types\/page"}],"author":[{"embeddable":true,"href":"https:\/\/www.ostmantrading.fi\/index.php?rest_route=\/wp\/v2\/users\/1"}],"replies":[{"embeddable":true,"href":"https:\/\/www.ostmantrading.fi\/index.php?rest_route=%2Fwp%2Fv2%2Fcomments&post=101"}],"version-history":[{"count":19,"href":"https:\/\/www.ostmantrading.fi\/index.php?rest_route=\/wp\/v2\/pages\/101\/revisions"}],"predecessor-version":[{"id":452,"href":"https:\/\/www.ostmantrading.fi\/index.php?rest_route=\/wp\/v2\/pages\/101\/revisions\/452"}],"wp:attachment":[{"href":"https:\/\/www.ostmantrading.fi\/index.php?rest_route=%2Fwp%2Fv2%2Fmedia&parent=101"}],"curies":[{"name":"wp","href":"https:\/\/api.w.org\/{rel}","templated":true}]}}