{"id":44,"date":"2017-09-13T12:03:00","date_gmt":"2017-09-13T10:03:00","guid":{"rendered":"http:\/\/www.ostmantrading.fi\/?page_id=44"},"modified":"2024-11-12T10:14:59","modified_gmt":"2024-11-12T08:14:59","slug":"palvelut","status":"publish","type":"page","link":"https:\/\/www.ostmantrading.fi\/?page_id=44","title":{"rendered":"PALVELUT"},"content":{"rendered":"<p><img loading=\"lazy\" decoding=\"async\" class=\"alignnone size-full wp-image-342\" src=\"http:\/\/www.ostmantrading.fi\/wp-content\/uploads\/2017\/09\/bild3lastarkyl.jpg\" alt=\"\" width=\"920\" height=\"500\" srcset=\"https:\/\/www.ostmantrading.fi\/wp-content\/uploads\/2017\/09\/bild3lastarkyl.jpg 920w, https:\/\/www.ostmantrading.fi\/wp-content\/uploads\/2017\/09\/bild3lastarkyl-300x163.jpg 300w, https:\/\/www.ostmantrading.fi\/wp-content\/uploads\/2017\/09\/bild3lastarkyl-768x417.jpg 768w\" sizes=\"(max-width: 920px) 100vw, 920px\" \/><br \/>\n<img loading=\"lazy\" decoding=\"async\" class=\"alignnone size-full wp-image-418\" src=\"http:\/\/www.ostmantrading.fi\/wp-content\/uploads\/2017\/09\/PakasteTunneli.jpg\" alt=\"\" width=\"4984\" height=\"2804\" srcset=\"https:\/\/www.ostmantrading.fi\/wp-content\/uploads\/2017\/09\/PakasteTunneli.jpg 4984w, https:\/\/www.ostmantrading.fi\/wp-content\/uploads\/2017\/09\/PakasteTunneli-300x169.jpg 300w, https:\/\/www.ostmantrading.fi\/wp-content\/uploads\/2017\/09\/PakasteTunneli-768x432.jpg 768w, https:\/\/www.ostmantrading.fi\/wp-content\/uploads\/2017\/09\/PakasteTunneli-1024x576.jpg 1024w\" sizes=\"(max-width: 4984px) 100vw, 4984px\" \/><\/p>\n<p><strong>&#8211; Kylm\u00e4 ja Pakaste -elintarvikkeiden varastointi<\/strong> +5\u00b0C ja 21\u00b0C<br \/>\n<strong> &#8211; Kylm\u00e4 ja Pakaste -elintarvikkeiden kuljetukset <\/strong> +5\u00b0C ja 21\u00b0C<br \/>\n<strong> &#8211; Kylm\u00e4 ja Pakaste -elintarvikkeiden k\u00e4sittely<\/strong> +5\u00b0C ja 21\u00b0C<br \/>\n<strong> &#8211; Elintarvikkeiden pakastaminen\u00a0 <\/strong> (vastavalmistunut pakastetunneli) -32 \u00b0C<br \/>\n<strong> &#8211; Kylm\u00e4 ja Pakastelogistiikan kokonaispalveluja <\/strong><\/p>\n<p>Lopuvuodesta 2019 valmistui uusi pakastevarasto johon mahtuu n.3500 lavaa. Kokonaiskapasitetti on n.4500 lavaa.<\/p>\n<p>Meilt\u00e4 l\u00f6ytyy my\u00f6s n 100m3\u00a0 +5C terminaalikylmi\u00f6.<\/p>\n<p>Tarjoamme my\u00f6s elintarvikeideiden asianmukaista pakastusta.<\/p>\n","protected":false},"excerpt":{"rendered":"<p><img loading=\"lazy\" decoding=\"async\" class=\"alignnone size-full wp-image-342\" src=\"http:\/\/www.ostmantrading.fi\/wp-content\/uploads\/2017\/09\/bild3lastarkyl.jpg\" alt=\"\" width=\"920\" height=\"500\" srcset=\"https:\/\/www.ostmantrading.fi\/wp-content\/uploads\/2017\/09\/bild3lastarkyl.jpg 920w, https:\/\/www.ostmantrading.fi\/wp-content\/uploads\/2017\/09\/bild3lastarkyl-300x163.jpg 300w, https:\/\/www.ostmantrading.fi\/wp-content\/uploads\/2017\/09\/bild3lastarkyl-768x417.jpg 768w\" sizes=\"(max-width: 920px) 100vw, 920px\" \/><br \/>\n<img decoding=\"async\" class=\"alignnone size-full wp-image-418\" src=\"http:\/\/www.ostmantrading.fi\/wp-conten...\n<\/p>\n","protected":false},"author":1,"featured_media":0,"parent":0,"menu_order":3,"comment_status":"closed","ping_status":"closed","template":"","meta":{"footnotes":""},"class_list":["post-44","page","type-page","status-publish","hentry"],"yoast_head":"<!-- This site is optimized with the Yoast SEO plugin v23.8 - https:\/\/yoast.com\/wordpress\/plugins\/seo\/ -->\n<title>PALVELUT &#8226; \u00d6stman Trading<\/title>\n<meta name=\"robots\" content=\"index, follow, max-snippet:-1, max-image-preview:large, max-video-preview:-1\" \/>\n<link rel=\"canonical\" href=\"https:\/\/www.ostmantrading.fi\/?page_id=44\" \/>\n<meta property=\"og:locale\" content=\"sv_SE\" \/>\n<meta property=\"og:type\" content=\"article\" \/>\n<meta property=\"og:title\" content=\"PALVELUT &#8226; \u00d6stman Trading\" \/>\n<meta property=\"og:url\" content=\"https:\/\/www.ostmantrading.fi\/?page_id=44\" \/>\n<meta property=\"og:site_name\" content=\"\u00d6stman Trading\" \/>\n<meta property=\"article:modified_time\" content=\"2024-11-12T08:14:59+00:00\" \/>\n<meta property=\"og:image\" content=\"https:\/\/www.ostmantrading.fi\/wp-content\/uploads\/2017\/09\/bild3lastarkyl.jpg\" \/>\n\t<meta property=\"og:image:width\" content=\"920\" \/>\n\t<meta property=\"og:image:height\" content=\"500\" \/>\n\t<meta property=\"og:image:type\" content=\"image\/jpeg\" \/>\n<meta name=\"twitter:card\" content=\"summary_large_image\" \/>\n<meta name=\"twitter:label1\" content=\"Ber\u00e4knad l\u00e4stid\" \/>\n\t<meta name=\"twitter:data1\" content=\"1 minut\" \/>\n<script type=\"application\/ld+json\" class=\"yoast-schema-graph\">{\"@context\":\"https:\/\/schema.org\",\"@graph\":[{\"@type\":\"WebPage\",\"@id\":\"https:\/\/www.ostmantrading.fi\/?page_id=44\",\"url\":\"https:\/\/www.ostmantrading.fi\/?page_id=44\",\"name\":\"PALVELUT &#8226; \u00d6stman Trading\",\"isPartOf\":{\"@id\":\"https:\/\/www.ostmantrading.fi\/#website\"},\"primaryImageOfPage\":{\"@id\":\"https:\/\/www.ostmantrading.fi\/?page_id=44#primaryimage\"},\"image\":{\"@id\":\"https:\/\/www.ostmantrading.fi\/?page_id=44#primaryimage\"},\"thumbnailUrl\":\"http:\/\/www.ostmantrading.fi\/wp-content\/uploads\/2017\/09\/bild3lastarkyl.jpg\",\"datePublished\":\"2017-09-13T10:03:00+00:00\",\"dateModified\":\"2024-11-12T08:14:59+00:00\",\"breadcrumb\":{\"@id\":\"https:\/\/www.ostmantrading.fi\/?page_id=44#breadcrumb\"},\"inLanguage\":\"sv-SE\",\"potentialAction\":[{\"@type\":\"ReadAction\",\"target\":[\"https:\/\/www.ostmantrading.fi\/?page_id=44\"]}]},{\"@type\":\"ImageObject\",\"inLanguage\":\"sv-SE\",\"@id\":\"https:\/\/www.ostmantrading.fi\/?page_id=44#primaryimage\",\"url\":\"http:\/\/www.ostmantrading.fi\/wp-content\/uploads\/2017\/09\/bild3lastarkyl.jpg\",\"contentUrl\":\"http:\/\/www.ostmantrading.fi\/wp-content\/uploads\/2017\/09\/bild3lastarkyl.jpg\"},{\"@type\":\"BreadcrumbList\",\"@id\":\"https:\/\/www.ostmantrading.fi\/?page_id=44#breadcrumb\",\"itemListElement\":[{\"@type\":\"ListItem\",\"position\":1,\"name\":\"Hem\",\"item\":\"https:\/\/www.ostmantrading.fi\/\"},{\"@type\":\"ListItem\",\"position\":2,\"name\":\"PALVELUT\"}]},{\"@type\":\"WebSite\",\"@id\":\"https:\/\/www.ostmantrading.fi\/#website\",\"url\":\"https:\/\/www.ostmantrading.fi\/\",\"name\":\"\u00d6stman Trading\",\"description\":\"Pakastelogistiikka - Fryslogistik\",\"potentialAction\":[{\"@type\":\"SearchAction\",\"target\":{\"@type\":\"EntryPoint\",\"urlTemplate\":\"https:\/\/www.ostmantrading.fi\/?s={search_term_string}\"},\"query-input\":{\"@type\":\"PropertyValueSpecification\",\"valueRequired\":true,\"valueName\":\"search_term_string\"}}],\"inLanguage\":\"sv-SE\"}]}<\/script>\n<!-- \/ Yoast SEO plugin. -->","yoast_head_json":{"title":"PALVELUT &#8226; \u00d6stman Trading","robots":{"index":"index","follow":"follow","max-snippet":"max-snippet:-1","max-image-preview":"max-image-preview:large","max-video-preview":"max-video-preview:-1"},"canonical":"https:\/\/www.ostmantrading.fi\/?page_id=44","og_locale":"sv_SE","og_type":"article","og_title":"PALVELUT &#8226; \u00d6stman Trading","og_url":"https:\/\/www.ostmantrading.fi\/?page_id=44","og_site_name":"\u00d6stman Trading","article_modified_time":"2024-11-12T08:14:59+00:00","og_image":[{"width":920,"height":500,"url":"https:\/\/www.ostmantrading.fi\/wp-content\/uploads\/2017\/09\/bild3lastarkyl.jpg","type":"image\/jpeg"}],"twitter_card":"summary_large_image","twitter_misc":{"Ber\u00e4knad l\u00e4stid":"1 minut"},"schema":{"@context":"https:\/\/schema.org","@graph":[{"@type":"WebPage","@id":"https:\/\/www.ostmantrading.fi\/?page_id=44","url":"https:\/\/www.ostmantrading.fi\/?page_id=44","name":"PALVELUT &#8226; \u00d6stman Trading","isPartOf":{"@id":"https:\/\/www.ostmantrading.fi\/#website"},"primaryImageOfPage":{"@id":"https:\/\/www.ostmantrading.fi\/?page_id=44#primaryimage"},"image":{"@id":"https:\/\/www.ostmantrading.fi\/?page_id=44#primaryimage"},"thumbnailUrl":"http:\/\/www.ostmantrading.fi\/wp-content\/uploads\/2017\/09\/bild3lastarkyl.jpg","datePublished":"2017-09-13T10:03:00+00:00","dateModified":"2024-11-12T08:14:59+00:00","breadcrumb":{"@id":"https:\/\/www.ostmantrading.fi\/?page_id=44#breadcrumb"},"inLanguage":"sv-SE","potentialAction":[{"@type":"ReadAction","target":["https:\/\/www.ostmantrading.fi\/?page_id=44"]}]},{"@type":"ImageObject","inLanguage":"sv-SE","@id":"https:\/\/www.ostmantrading.fi\/?page_id=44#primaryimage","url":"http:\/\/www.ostmantrading.fi\/wp-content\/uploads\/2017\/09\/bild3lastarkyl.jpg","contentUrl":"http:\/\/www.ostmantrading.fi\/wp-content\/uploads\/2017\/09\/bild3lastarkyl.jpg"},{"@type":"BreadcrumbList","@id":"https:\/\/www.ostmantrading.fi\/?page_id=44#breadcrumb","itemListElement":[{"@type":"ListItem","position":1,"name":"Hem","item":"https:\/\/www.ostmantrading.fi\/"},{"@type":"ListItem","position":2,"name":"PALVELUT"}]},{"@type":"WebSite","@id":"https:\/\/www.ostmantrading.fi\/#website","url":"https:\/\/www.ostmantrading.fi\/","name":"\u00d6stman Trading","description":"Pakastelogistiikka - Fryslogistik","potentialAction":[{"@type":"SearchAction","target":{"@type":"EntryPoint","urlTemplate":"https:\/\/www.ostmantrading.fi\/?s={search_term_string}"},"query-input":{"@type":"PropertyValueSpecification","valueRequired":true,"valueName":"search_term_string"}}],"inLanguage":"sv-SE"}]}},"_links":{"self":[{"href":"https:\/\/www.ostmantrading.fi\/index.php?rest_route=\/wp\/v2\/pages\/44"}],"collection":[{"href":"https:\/\/www.ostmantrading.fi\/index.php?rest_route=\/wp\/v2\/pages"}],"about":[{"href":"https:\/\/www.ostmantrading.fi\/index.php?rest_route=\/wp\/v2\/types\/page"}],"author":[{"embeddable":true,"href":"https:\/\/www.ostmantrading.fi\/index.php?rest_route=\/wp\/v2\/users\/1"}],"replies":[{"embeddable":true,"href":"https:\/\/www.ostmantrading.fi\/index.php?rest_route=%2Fwp%2Fv2%2Fcomments&post=44"}],"version-history":[{"count":40,"href":"https:\/\/www.ostmantrading.fi\/index.php?rest_route=\/wp\/v2\/pages\/44\/revisions"}],"predecessor-version":[{"id":515,"href":"https:\/\/www.ostmantrading.fi\/index.php?rest_route=\/wp\/v2\/pages\/44\/revisions\/515"}],"wp:attachment":[{"href":"https:\/\/www.ostmantrading.fi\/index.php?rest_route=%2Fwp%2Fv2%2Fmedia&parent=44"}],"curies":[{"name":"wp","href":"https:\/\/api.w.org\/{rel}","templated":true}]}}