{"id":477,"date":"2019-08-08T19:13:39","date_gmt":"2019-08-08T17:13:39","guid":{"rendered":"http:\/\/www.ostmantrading.fi\/?page_id=477"},"modified":"2024-11-12T08:59:48","modified_gmt":"2024-11-12T06:59:48","slug":"ostman-trading","status":"publish","type":"page","link":"https:\/\/www.ostmantrading.fi\/","title":{"rendered":"\u00d6STMAN THERMO LOGISTICS"},"content":{"rendered":"<p><img loading=\"lazy\" decoding=\"async\" class=\"alignnone size-full wp-image-343\" src=\"http:\/\/www.ostmantrading.fi\/wp-content\/uploads\/2017\/09\/bild4thermoometer.jpg\" alt=\"\" width=\"920\" height=\"500\" srcset=\"https:\/\/www.ostmantrading.fi\/wp-content\/uploads\/2017\/09\/bild4thermoometer.jpg 920w, https:\/\/www.ostmantrading.fi\/wp-content\/uploads\/2017\/09\/bild4thermoometer-300x163.jpg 300w, https:\/\/www.ostmantrading.fi\/wp-content\/uploads\/2017\/09\/bild4thermoometer-768x417.jpg 768w\" sizes=\"(max-width: 920px) 100vw, 920px\" \/><\/p>\n<p>Olemme elintarvikealalla toimiva yritys. Toimintamme muodostuu elintarvikkeiden logistiikasta, huolinnasta, elintarvikkeiden pakastuksesta ja varastoinnista, sek\u00e4 monil\u00e4mp\u00f6 kuljetuksista.<\/p>\n<p>Oy \u00d6stmanTrading Ab hoitaa my\u00f6s SIA J\u00e4\u00e4tel\u00f6n myynnin ja markkinoinnin Suomessa (ennemm\u00e4n tietoa SIA J\u00e4\u00e4tel\u00f6n myynnist\u00e4 l\u00f6ytyy sivulta: <a href=\"http:\/\/www.siajaatelo.fi\/\">www.siajaatelo.fi<\/a><\/p>\n<p><a href=\"https:\/\/www.oivahymy.fi\/yrityshaku?hakusana=%C3%B6stman%20Trading\"><img loading=\"lazy\" decoding=\"async\" class=\"alignnone wp-image-492 size-full\" src=\"https:\/\/www.ostmantrading.fi\/wp-content\/uploads\/2021\/05\/oiva.jpg\" alt=\"oiva\" width=\"200\" height=\"206\" \/><\/a><\/p>\n","protected":false},"excerpt":{"rendered":"<p><img loading=\"lazy\" decoding=\"async\" class=\"alignnone size-full wp-image-343\" src=\"http:\/\/www.ostmantrading.fi\/wp-content\/uploads\/2017\/09\/bild4thermoometer.jpg\" alt=\"\" width=\"920\" height=\"500\" srcset=\"https:\/\/www.ostmantrading.fi\/wp-content\/uploads\/2017\/09\/bild4thermoometer.jpg 920w, https:\/\/www.ostmantrading.fi\/wp-content\/uploads\/2017\/09\/bild4thermoometer-300x163.jpg 300w, https:\/\/www.ostmantrading.fi\/wp-content\/uploads\/2017\/09\/bild4thermoometer-768x417.jpg 768w\" sizes=\"(max-width: 920px) 100vw, 920px\" \/><\/p>\n<p>Olemme elintarvikealalla toimiva yritys. Toimintamme muodostuu elintarvikkeiden log&#8230;<\/p>\n","protected":false},"author":1,"featured_media":0,"parent":0,"menu_order":1,"comment_status":"closed","ping_status":"closed","template":"","meta":{"footnotes":""},"class_list":["post-477","page","type-page","status-publish","hentry"],"yoast_head":"<!-- This site is optimized with the Yoast SEO plugin v23.8 - https:\/\/yoast.com\/wordpress\/plugins\/seo\/ -->\n<title>\u00d6STMAN THERMO LOGISTICS &#8226; \u00d6stman Trading<\/title>\n<meta name=\"robots\" content=\"index, follow, max-snippet:-1, max-image-preview:large, max-video-preview:-1\" \/>\n<link rel=\"canonical\" href=\"https:\/\/www.ostmantrading.fi\/\" \/>\n<meta property=\"og:locale\" content=\"sv_SE\" \/>\n<meta property=\"og:type\" content=\"article\" \/>\n<meta property=\"og:title\" content=\"\u00d6STMAN THERMO LOGISTICS &#8226; \u00d6stman Trading\" \/>\n<meta property=\"og:description\" content=\"Olemme elintarvikealalla toimiva yritys. Toimintamme muodostuu elintarvikkeiden log...\" \/>\n<meta property=\"og:url\" content=\"https:\/\/www.ostmantrading.fi\/\" \/>\n<meta property=\"og:site_name\" content=\"\u00d6stman Trading\" \/>\n<meta property=\"article:modified_time\" content=\"2024-11-12T06:59:48+00:00\" \/>\n<meta property=\"og:image\" content=\"https:\/\/www.ostmantrading.fi\/wp-content\/uploads\/2017\/09\/bild4thermoometer.jpg\" \/>\n\t<meta property=\"og:image:width\" content=\"920\" \/>\n\t<meta property=\"og:image:height\" content=\"500\" \/>\n\t<meta property=\"og:image:type\" content=\"image\/jpeg\" \/>\n<meta name=\"twitter:card\" content=\"summary_large_image\" \/>\n<meta name=\"twitter:label1\" content=\"Ber\u00e4knad l\u00e4stid\" \/>\n\t<meta name=\"twitter:data1\" content=\"1 minut\" \/>\n<script type=\"application\/ld+json\" class=\"yoast-schema-graph\">{\"@context\":\"https:\/\/schema.org\",\"@graph\":[{\"@type\":\"WebPage\",\"@id\":\"https:\/\/www.ostmantrading.fi\/\",\"url\":\"https:\/\/www.ostmantrading.fi\/\",\"name\":\"\u00d6STMAN THERMO LOGISTICS &#8226; \u00d6stman Trading\",\"isPartOf\":{\"@id\":\"https:\/\/www.ostmantrading.fi\/#website\"},\"primaryImageOfPage\":{\"@id\":\"https:\/\/www.ostmantrading.fi\/#primaryimage\"},\"image\":{\"@id\":\"https:\/\/www.ostmantrading.fi\/#primaryimage\"},\"thumbnailUrl\":\"http:\/\/www.ostmantrading.fi\/wp-content\/uploads\/2017\/09\/bild4thermoometer.jpg\",\"datePublished\":\"2019-08-08T17:13:39+00:00\",\"dateModified\":\"2024-11-12T06:59:48+00:00\",\"breadcrumb\":{\"@id\":\"https:\/\/www.ostmantrading.fi\/#breadcrumb\"},\"inLanguage\":\"sv-SE\",\"potentialAction\":[{\"@type\":\"ReadAction\",\"target\":[\"https:\/\/www.ostmantrading.fi\/\"]}]},{\"@type\":\"ImageObject\",\"inLanguage\":\"sv-SE\",\"@id\":\"https:\/\/www.ostmantrading.fi\/#primaryimage\",\"url\":\"http:\/\/www.ostmantrading.fi\/wp-content\/uploads\/2017\/09\/bild4thermoometer.jpg\",\"contentUrl\":\"http:\/\/www.ostmantrading.fi\/wp-content\/uploads\/2017\/09\/bild4thermoometer.jpg\"},{\"@type\":\"BreadcrumbList\",\"@id\":\"https:\/\/www.ostmantrading.fi\/#breadcrumb\",\"itemListElement\":[{\"@type\":\"ListItem\",\"position\":1,\"name\":\"Hem\",\"item\":\"https:\/\/www.ostmantrading.fi\/\"},{\"@type\":\"ListItem\",\"position\":2,\"name\":\"\u00d6STMAN THERMO LOGISTICS\"}]},{\"@type\":\"WebSite\",\"@id\":\"https:\/\/www.ostmantrading.fi\/#website\",\"url\":\"https:\/\/www.ostmantrading.fi\/\",\"name\":\"\u00d6stman Trading\",\"description\":\"Pakastelogistiikka - Fryslogistik\",\"potentialAction\":[{\"@type\":\"SearchAction\",\"target\":{\"@type\":\"EntryPoint\",\"urlTemplate\":\"https:\/\/www.ostmantrading.fi\/?s={search_term_string}\"},\"query-input\":{\"@type\":\"PropertyValueSpecification\",\"valueRequired\":true,\"valueName\":\"search_term_string\"}}],\"inLanguage\":\"sv-SE\"}]}<\/script>\n<!-- \/ Yoast SEO plugin. -->","yoast_head_json":{"title":"\u00d6STMAN THERMO LOGISTICS &#8226; \u00d6stman Trading","robots":{"index":"index","follow":"follow","max-snippet":"max-snippet:-1","max-image-preview":"max-image-preview:large","max-video-preview":"max-video-preview:-1"},"canonical":"https:\/\/www.ostmantrading.fi\/","og_locale":"sv_SE","og_type":"article","og_title":"\u00d6STMAN THERMO LOGISTICS &#8226; \u00d6stman Trading","og_description":"Olemme elintarvikealalla toimiva yritys. Toimintamme muodostuu elintarvikkeiden log...","og_url":"https:\/\/www.ostmantrading.fi\/","og_site_name":"\u00d6stman Trading","article_modified_time":"2024-11-12T06:59:48+00:00","og_image":[{"width":920,"height":500,"url":"https:\/\/www.ostmantrading.fi\/wp-content\/uploads\/2017\/09\/bild4thermoometer.jpg","type":"image\/jpeg"}],"twitter_card":"summary_large_image","twitter_misc":{"Ber\u00e4knad l\u00e4stid":"1 minut"},"schema":{"@context":"https:\/\/schema.org","@graph":[{"@type":"WebPage","@id":"https:\/\/www.ostmantrading.fi\/","url":"https:\/\/www.ostmantrading.fi\/","name":"\u00d6STMAN THERMO LOGISTICS &#8226; \u00d6stman Trading","isPartOf":{"@id":"https:\/\/www.ostmantrading.fi\/#website"},"primaryImageOfPage":{"@id":"https:\/\/www.ostmantrading.fi\/#primaryimage"},"image":{"@id":"https:\/\/www.ostmantrading.fi\/#primaryimage"},"thumbnailUrl":"http:\/\/www.ostmantrading.fi\/wp-content\/uploads\/2017\/09\/bild4thermoometer.jpg","datePublished":"2019-08-08T17:13:39+00:00","dateModified":"2024-11-12T06:59:48+00:00","breadcrumb":{"@id":"https:\/\/www.ostmantrading.fi\/#breadcrumb"},"inLanguage":"sv-SE","potentialAction":[{"@type":"ReadAction","target":["https:\/\/www.ostmantrading.fi\/"]}]},{"@type":"ImageObject","inLanguage":"sv-SE","@id":"https:\/\/www.ostmantrading.fi\/#primaryimage","url":"http:\/\/www.ostmantrading.fi\/wp-content\/uploads\/2017\/09\/bild4thermoometer.jpg","contentUrl":"http:\/\/www.ostmantrading.fi\/wp-content\/uploads\/2017\/09\/bild4thermoometer.jpg"},{"@type":"BreadcrumbList","@id":"https:\/\/www.ostmantrading.fi\/#breadcrumb","itemListElement":[{"@type":"ListItem","position":1,"name":"Hem","item":"https:\/\/www.ostmantrading.fi\/"},{"@type":"ListItem","position":2,"name":"\u00d6STMAN THERMO LOGISTICS"}]},{"@type":"WebSite","@id":"https:\/\/www.ostmantrading.fi\/#website","url":"https:\/\/www.ostmantrading.fi\/","name":"\u00d6stman Trading","description":"Pakastelogistiikka - Fryslogistik","potentialAction":[{"@type":"SearchAction","target":{"@type":"EntryPoint","urlTemplate":"https:\/\/www.ostmantrading.fi\/?s={search_term_string}"},"query-input":{"@type":"PropertyValueSpecification","valueRequired":true,"valueName":"search_term_string"}}],"inLanguage":"sv-SE"}]}},"_links":{"self":[{"href":"https:\/\/www.ostmantrading.fi\/index.php?rest_route=\/wp\/v2\/pages\/477"}],"collection":[{"href":"https:\/\/www.ostmantrading.fi\/index.php?rest_route=\/wp\/v2\/pages"}],"about":[{"href":"https:\/\/www.ostmantrading.fi\/index.php?rest_route=\/wp\/v2\/types\/page"}],"author":[{"embeddable":true,"href":"https:\/\/www.ostmantrading.fi\/index.php?rest_route=\/wp\/v2\/users\/1"}],"replies":[{"embeddable":true,"href":"https:\/\/www.ostmantrading.fi\/index.php?rest_route=%2Fwp%2Fv2%2Fcomments&post=477"}],"version-history":[{"count":14,"href":"https:\/\/www.ostmantrading.fi\/index.php?rest_route=\/wp\/v2\/pages\/477\/revisions"}],"predecessor-version":[{"id":506,"href":"https:\/\/www.ostmantrading.fi\/index.php?rest_route=\/wp\/v2\/pages\/477\/revisions\/506"}],"wp:attachment":[{"href":"https:\/\/www.ostmantrading.fi\/index.php?rest_route=%2Fwp%2Fv2%2Fmedia&parent=477"}],"curies":[{"name":"wp","href":"https:\/\/api.w.org\/{rel}","templated":true}]}}